{"id":59,"date":"2020-07-14T18:01:20","date_gmt":"2020-07-14T16:01:20","guid":{"rendered":"http:\/\/himmelreich.koeln\/?page_id=59"},"modified":"2020-07-17T18:22:29","modified_gmt":"2020-07-17T16:22:29","slug":"impressum","status":"publish","type":"page","link":"http:\/\/himmelreich.koeln\/?page_id=59","title":{"rendered":"IMPRESSUM"},"content":{"rendered":"\n<p><strong>Urheberrechte<\/strong><br>\u00a9 2020, Axel Himmelreich, Vogelsangerstrasse 13, 50823 K\u00f6ln<br>Alle Rechte vorbehalten.<\/p>\n\n\n\n<p>Inhalt und Struktur der Webseiten sind urheberrechtlich gesch\u00fctzt. Informationen oder Daten (Text-, Bild-, Grafikdateien etc.) der Webseiten d\u00fcrfen ohne vorherige schriftliche Zustimmung weder verwendet noch reproduziert werden, auch nicht auszugsweise.<\/p>\n\n\n\n<p><strong>Disclaimer<\/strong>, <strong>Haftungshinweis<\/strong><br>Wir pr\u00fcfen und aktualisiert die Informationen auf den Webseiten st\u00e4ndig. Trotz sorgf\u00e4ltiger Pr\u00fcfung der ver\u00f6ffentlichten Inhalte kann keine Garantie f\u00fcr die Richtigkeit der Angaben \u00fcbernommen werden.<br>F\u00fcr den Inhalt der dort verlinkten Seiten sind ausschlie\u00dflich deren Betreiber verantwortlich.<\/p>\n\n\n\n<p><strong>Copyrights<\/strong><br>ITIL\u00ae is a registered trade mark of AXELOS Limited.<br>PRINCE\u00ae is a registered trade mark of AXELOS Limited.<br>The Swirl logo&#x2122; is a trade mark of AXELOS Limited.<br>The ITIL Licensed Affiliate Logo is a trademark of AXELOS Limited.<br>COBIT\u00ae is a registered trademark of the Information Systems Audit and Control Association (ISACA) and the IT Governance Institute.<br>The International Organization for Standardization (ISO) is a non-governmental organization which is a network of the national standards institutes of 156 countries. ISO is the owner of the ISO\/IEC 20000 and ISO 9001-2008 standard.<\/p>\n\n\n\n<p>Bilder: Axel Himmelreich, istock, Fotolia<\/p>\n","protected":false},"excerpt":{"rendered":"<p>Urheberrechte\u00a9 2020, Axel Himmelreich, Vogelsangerstrasse 13, 50823 K\u00f6lnAlle Rechte vorbehalten. Inhalt und Struktur der Webseiten sind urheberrechtlich gesch\u00fctzt. Informationen oder Daten (Text-, Bild-, Grafikdateien etc.) der Webseiten d\u00fcrfen ohne vorherige schriftliche Zustimmung weder verwendet noch reproduziert werden, auch nicht auszugsweise. Disclaimer, HaftungshinweisWir pr\u00fcfen und aktualisiert die Informationen auf den Webseiten st\u00e4ndig. Trotz sorgf\u00e4ltiger Pr\u00fcfung der [&hellip;]<\/p>\n","protected":false},"author":1,"featured_media":0,"parent":0,"menu_order":0,"comment_status":"closed","ping_status":"closed","template":"","meta":[],"_links":{"self":[{"href":"http:\/\/himmelreich.koeln\/index.php?rest_route=\/wp\/v2\/pages\/59"}],"collection":[{"href":"http:\/\/himmelreich.koeln\/index.php?rest_route=\/wp\/v2\/pages"}],"about":[{"href":"http:\/\/himmelreich.koeln\/index.php?rest_route=\/wp\/v2\/types\/page"}],"author":[{"embeddable":true,"href":"http:\/\/himmelreich.koeln\/index.php?rest_route=\/wp\/v2\/users\/1"}],"replies":[{"embeddable":true,"href":"http:\/\/himmelreich.koeln\/index.php?rest_route=%2Fwp%2Fv2%2Fcomments&post=59"}],"version-history":[{"count":4,"href":"http:\/\/himmelreich.koeln\/index.php?rest_route=\/wp\/v2\/pages\/59\/revisions"}],"predecessor-version":[{"id":96,"href":"http:\/\/himmelreich.koeln\/index.php?rest_route=\/wp\/v2\/pages\/59\/revisions\/96"}],"wp:attachment":[{"href":"http:\/\/himmelreich.koeln\/index.php?rest_route=%2Fwp%2Fv2%2Fmedia&parent=59"}],"curies":[{"name":"wp","href":"https:\/\/api.w.org\/{rel}","templated":true}]}}